{"id":131,"date":"2019-11-18T16:05:51","date_gmt":"2019-11-18T16:05:51","guid":{"rendered":"https:\/\/www.tiez-jena.de\/?page_id=131"},"modified":"2025-12-07T10:30:34","modified_gmt":"2025-12-07T10:30:34","slug":"barkarte","status":"publish","type":"page","link":"https:\/\/www.tiez-jena.de\/?page_id=131","title":{"rendered":"Men\u00fc"},"content":{"rendered":"\t\t<div data-elementor-type=\"wp-page\" data-elementor-id=\"131\" class=\"elementor elementor-131\">\n\t\t\t\t\t\t\t\t\t<section class=\"elementor-section elementor-top-section elementor-element elementor-element-e822e2a elementor-section-boxed elementor-section-height-default elementor-section-height-default wpr-particle-no wpr-jarallax-no wpr-parallax-no wpr-sticky-section-no\" data-id=\"e822e2a\" data-element_type=\"section\">\n\t\t\t\t\t\t<div class=\"elementor-container elementor-column-gap-default\">\n\t\t\t\t\t<div class=\"elementor-column elementor-col-100 elementor-top-column elementor-element elementor-element-a8af4a6\" data-id=\"a8af4a6\" data-element_type=\"column\">\n\t\t\t<div class=\"elementor-widget-wrap elementor-element-populated\">\n\t\t\t\t\t\t\t\t<div class=\"elementor-element elementor-element-6b477a9 elementor-widget elementor-widget-text-editor\" data-id=\"6b477a9\" data-element_type=\"widget\" data-widget_type=\"text-editor.default\">\n\t\t\t\t<div class=\"elementor-widget-container\">\n\t\t\t<style>\/*! elementor - v3.13.2 - 11-05-2023 *\/\n.elementor-widget-text-editor.elementor-drop-cap-view-stacked .elementor-drop-cap{background-color:#69727d;color:#fff}.elementor-widget-text-editor.elementor-drop-cap-view-framed .elementor-drop-cap{color:#69727d;border:3px solid;background-color:transparent}.elementor-widget-text-editor:not(.elementor-drop-cap-view-default) .elementor-drop-cap{margin-top:8px}.elementor-widget-text-editor:not(.elementor-drop-cap-view-default) .elementor-drop-cap-letter{width:1em;height:1em}.elementor-widget-text-editor .elementor-drop-cap{float:left;text-align:center;line-height:1;font-size:50px}.elementor-widget-text-editor .elementor-drop-cap-letter{display:inline-block}<\/style>\t\t\t\t<p style=\"text-align: center;\"><span style=\"color: #333333;\"><span class=\"Apple-converted-space\"><strong><span style=\"color: #000080;\">Reservierungen nehmen wir ausschlie\u00dflich telefonisch unter 0152 2276 4883 pers\u00f6nlich entgegen.<\/span><\/strong> <span style=\"color: #ff6600;\">(Keine SMS und WhatsApp)<\/span><\/span><\/span><\/p>\t\t\t\t\t\t<\/div>\n\t\t\t\t<\/div>\n\t\t\t\t\t<\/div>\n\t\t<\/div>\n\t\t\t\t\t\t\t<\/div>\n\t\t<\/section>\n\t\t\t\t<section class=\"elementor-section elementor-top-section elementor-element elementor-element-44271ea0 elementor-section-boxed elementor-section-height-default elementor-section-height-default wpr-particle-no wpr-jarallax-no wpr-parallax-no wpr-sticky-section-no\" data-id=\"44271ea0\" data-element_type=\"section\">\n\t\t\t\t\t\t<div class=\"elementor-container elementor-column-gap-default\">\n\t\t\t\t\t<div class=\"elementor-column elementor-col-100 elementor-top-column elementor-element elementor-element-18b56db6\" data-id=\"18b56db6\" data-element_type=\"column\">\n\t\t\t<div class=\"elementor-widget-wrap elementor-element-populated\">\n\t\t\t\t\t\t\t\t<div class=\"elementor-element elementor-element-12510b0b elementor-widget elementor-widget-text-editor\" data-id=\"12510b0b\" data-element_type=\"widget\" data-widget_type=\"text-editor.default\">\n\t\t\t\t<div class=\"elementor-widget-container\">\n\t\t\t\t\t\t\t<p><!-- wp:paragraph --><\/p>\n<div>\n<h1 style=\"text-align: center;\"><span style=\"text-decoration: underline; color: #000000;\"><strong>MEN\u00dc<\/strong><\/span><\/h1>\n<p style=\"text-align: center;\">\u00a0<\/p>\n<p style=\"text-align: center;\"><span style=\"color: #000000;\">winterlicher Salat von<\/span><\/p>\n<p style=\"text-align: center;\"><span style=\"color: #000000;\">ger\u00f6stetem Rettich \u2022 Eingelegtem \u2022 Endivien \u2022 Granatapfel \u2022 Birne<\/span><\/p>\n<p style=\"text-align: center;\"><span style=\"color: #000000;\">____________________<\/span><\/p>\n<p style=\"text-align: center;\"><span style=\"color: #000000;\">Rinder-Steinpilz-Consomm\u00e9 \u2022 hausgemachte Nudeln \u2022 K\u00fcrbis \u2022 Lauch<\/span><\/p>\n<p style=\"text-align: center;\"><span style=\"color: #000000;\">____________________<\/span><\/p>\n<p style=\"text-align: center;\"><span style=\"color: #000000;\">Kalbstafelspitz<\/span><\/p>\n<p style=\"text-align: center;\"><span style=\"color: #000000;\">Mandel-Kartoffel-Gugelhupf \u2022 Rosenkohl \u2022 M\u00f6hren<\/span><\/p>\n<p style=\"text-align: center;\"><span style=\"color: #000000;\"><strong>ODER<\/strong><\/span><\/p>\n<p style=\"text-align: center;\"><span style=\"color: #000000;\">gef\u00fcllte Champignons mit Parmesan<\/span><\/p>\n<p style=\"text-align: center;\"><span style=\"color: #000000;\">Mandel-Kartoffel-Gugelhupf \u2022 Rosenkohl \u2022 M\u00f6hren<\/span><\/p>\n<p style=\"text-align: center;\"><span style=\"color: #000000;\">____________________<\/span><\/p>\n<p style=\"text-align: center;\"><span style=\"color: #000000;\">Quarkcreme \u2022 rote Beeren \u2022 Walnuss-Karamell<\/span><\/p>\n<h5>\u00a0<\/h5>\n<h5 style=\"text-align: center;\"><span style=\"color: #000000;\"><strong>64\u20ac<\/strong><\/span><\/h5>\n<p style=\"text-align: center;\"><span style=\"color: #000000;\">____________________<\/span><\/p>\n<p style=\"text-align: center;\">\u00a0<\/p>\n<p style=\"text-align: center;\"><span style=\"color: #000000;\">Allergene teilen Sie uns bitte bei Reservierung oder mindestens 24h vorher mit.<\/span><\/p>\n<p style=\"text-align: center;\"><span style=\"color: #000000;\">Wir freuen uns auf Ihren Besuch. Um Reservierung wird gebeten.<\/span><\/p>\n<p><!-- \/wp:freeform --><\/p>\n<\/div>\n<p><!-- \/wp:group --><\/p>\t\t\t\t\t\t<\/div>\n\t\t\t\t<\/div>\n\t\t\t\t\t<\/div>\n\t\t<\/div>\n\t\t\t\t\t\t\t<\/div>\n\t\t<\/section>\n\t\t\t\t\t\t\t<\/div>\n\t\t","protected":false},"excerpt":{"rendered":"<p>Reservierungen nehmen wir ausschlie\u00dflich telefonisch unter 0152 2276 4883 pers\u00f6nlich entgegen. (Keine SMS und WhatsApp) MEN\u00dc \u00a0 winterlicher Salat von ger\u00f6stetem Rettich \u2022 Eingelegtem \u2022 Endivien \u2022 Granatapfel \u2022 Birne ____________________ Rinder-Steinpilz-Consomm\u00e9 \u2022 hausgemachte Nudeln \u2022 K\u00fcrbis \u2022 Lauch ____________________ Kalbstafelspitz Mandel-Kartoffel-Gugelhupf \u2022 Rosenkohl \u2022 M\u00f6hren ODER gef\u00fcllte Champignons mit Parmesan Mandel-Kartoffel-Gugelhupf \u2022 Rosenkohl \u2022 M\u00f6hren ____________________ Quarkcreme \u2022 rote Beeren \u2022 Walnuss-Karamell \u00a0 64\u20ac ____________________ \u00a0 Allergene teilen Sie uns bitte bei Reservierung oder mindestens 24h vorher mit. Wir freuen uns auf Ihren Besuch. Um Reservierung wird gebeten.<\/p>\n","protected":false},"author":1,"featured_media":808,"parent":0,"menu_order":0,"comment_status":"closed","ping_status":"closed","template":"","meta":[],"acf":[],"_links":{"self":[{"href":"https:\/\/www.tiez-jena.de\/index.php?rest_route=\/wp\/v2\/pages\/131"}],"collection":[{"href":"https:\/\/www.tiez-jena.de\/index.php?rest_route=\/wp\/v2\/pages"}],"about":[{"href":"https:\/\/www.tiez-jena.de\/index.php?rest_route=\/wp\/v2\/types\/page"}],"author":[{"embeddable":true,"href":"https:\/\/www.tiez-jena.de\/index.php?rest_route=\/wp\/v2\/users\/1"}],"replies":[{"embeddable":true,"href":"https:\/\/www.tiez-jena.de\/index.php?rest_route=%2Fwp%2Fv2%2Fcomments&post=131"}],"version-history":[{"count":162,"href":"https:\/\/www.tiez-jena.de\/index.php?rest_route=\/wp\/v2\/pages\/131\/revisions"}],"predecessor-version":[{"id":1639,"href":"https:\/\/www.tiez-jena.de\/index.php?rest_route=\/wp\/v2\/pages\/131\/revisions\/1639"}],"wp:featuredmedia":[{"embeddable":true,"href":"https:\/\/www.tiez-jena.de\/index.php?rest_route=\/wp\/v2\/media\/808"}],"wp:attachment":[{"href":"https:\/\/www.tiez-jena.de\/index.php?rest_route=%2Fwp%2Fv2%2Fmedia&parent=131"}],"curies":[{"name":"wp","href":"https:\/\/api.w.org\/{rel}","templated":true}]}}