{"id":28,"date":"2019-02-18T18:08:45","date_gmt":"2019-02-18T18:08:45","guid":{"rendered":"https:\/\/www.tiez-jena.de\/?page_id=28"},"modified":"2023-04-07T20:38:15","modified_gmt":"2023-04-07T20:38:15","slug":"impressum","status":"publish","type":"page","link":"https:\/\/www.tiez-jena.de\/?page_id=28","title":{"rendered":"Impressum"},"content":{"rendered":"<p><strong>Gut essen. Gut leben. GmbH<\/strong><br \/>\n_TIEZ \u00a04ELEMENTEKULINARIK<br \/>\nMarkt 5<br \/>\n07743 Jena<br \/>\nTelefon: +49 174 9415203 Reservierungen k\u00f6nnen nur telefonisch entgegen genommen werden.<br \/>\ne-Mail: info@tiez-jena.de<\/p>\n<p>Firmenhauptsitz:<br \/>\nGut essen. Gut leben. GmbH<br \/>\nLutherplatz 3<br \/>\n07743 Jena<\/p>\n<p>UST-IdNr: DE 311014115<\/p>\n<p>SteuerNr: 162\/109\/04194<br \/>\nAmtsgericht Jena HRB 513319<br \/>\nGesch\u00e4ftsf\u00fchrer: Thomas G\u00fcnther, Martin Haase<\/p>\n<p><strong>\u00d6ffnungszeiten:<\/strong><\/p>\n<p>Ab 11. April 2023 wieder ge\u00f6ffnet.<\/p>\n","protected":false},"excerpt":{"rendered":"<p>Gut essen. Gut leben. GmbH _TIEZ \u00a04ELEMENTEKULINARIK Markt 5 07743 Jena Telefon: +49 174 9415203 Reservierungen k\u00f6nnen nur telefonisch entgegen genommen werden. e-Mail: info@tiez-jena.de Firmenhauptsitz: Gut essen. Gut leben. GmbH Lutherplatz 3 07743 Jena UST-IdNr: DE 311014115 SteuerNr: 162\/109\/04194 Amtsgericht Jena HRB 513319 Gesch\u00e4ftsf\u00fchrer: Thomas G\u00fcnther, Martin Haase \u00d6ffnungszeiten: Ab 11. April 2023 wieder ge\u00f6ffnet.<\/p>\n","protected":false},"author":1,"featured_media":0,"parent":0,"menu_order":0,"comment_status":"closed","ping_status":"closed","template":"","meta":[],"acf":[],"_links":{"self":[{"href":"https:\/\/www.tiez-jena.de\/index.php?rest_route=\/wp\/v2\/pages\/28"}],"collection":[{"href":"https:\/\/www.tiez-jena.de\/index.php?rest_route=\/wp\/v2\/pages"}],"about":[{"href":"https:\/\/www.tiez-jena.de\/index.php?rest_route=\/wp\/v2\/types\/page"}],"author":[{"embeddable":true,"href":"https:\/\/www.tiez-jena.de\/index.php?rest_route=\/wp\/v2\/users\/1"}],"replies":[{"embeddable":true,"href":"https:\/\/www.tiez-jena.de\/index.php?rest_route=%2Fwp%2Fv2%2Fcomments&post=28"}],"version-history":[{"count":20,"href":"https:\/\/www.tiez-jena.de\/index.php?rest_route=\/wp\/v2\/pages\/28\/revisions"}],"predecessor-version":[{"id":900,"href":"https:\/\/www.tiez-jena.de\/index.php?rest_route=\/wp\/v2\/pages\/28\/revisions\/900"}],"wp:attachment":[{"href":"https:\/\/www.tiez-jena.de\/index.php?rest_route=%2Fwp%2Fv2%2Fmedia&parent=28"}],"curies":[{"name":"wp","href":"https:\/\/api.w.org\/{rel}","templated":true}]}}